{"id":445,"date":"2023-06-13T12:41:16","date_gmt":"2023-06-13T09:41:16","guid":{"rendered":"https:\/\/densaygroup.com\/TR\/?page_id=445"},"modified":"2023-06-13T13:14:08","modified_gmt":"2023-06-13T10:14:08","slug":"hakkimizda","status":"publish","type":"page","link":"https:\/\/densaygroup.com\/TR\/hakkimizda\/","title":{"rendered":"Hakk\u0131m\u0131zda"},"content":{"rendered":"<div class=\"wp-block-image\">\n<figure class=\"alignleft size-large is-resized\"><img loading=\"lazy\" decoding=\"async\" src=\"https:\/\/densaygroup.com\/TR\/wp-content\/uploads\/2022\/11\/A4A9883-1024x683.jpg\" alt=\"\" class=\"wp-image-12\" width=\"515\" height=\"344\" srcset=\"https:\/\/densaygroup.com\/TR\/wp-content\/uploads\/2022\/11\/A4A9883-1024x683.jpg 1024w, https:\/\/densaygroup.com\/TR\/wp-content\/uploads\/2022\/11\/A4A9883-scaled-600x400.jpg 600w, https:\/\/densaygroup.com\/TR\/wp-content\/uploads\/2022\/11\/A4A9883-300x200.jpg 300w, https:\/\/densaygroup.com\/TR\/wp-content\/uploads\/2022\/11\/A4A9883-768x512.jpg 768w, https:\/\/densaygroup.com\/TR\/wp-content\/uploads\/2022\/11\/A4A9883-1536x1024.jpg 1536w, https:\/\/densaygroup.com\/TR\/wp-content\/uploads\/2022\/11\/A4A9883-2048x1365.jpg 2048w\" sizes=\"auto, (max-width: 515px) 100vw, 515px\" \/><\/figure>\n<\/div>\n\n\n<p>DENSAY GRUP TEKST\u0130L firmas\u0131n\u0131n ge\u00e7mi\u015fi 2018 y\u0131l\u0131nda kurulan NO52 ATELIER ile ba\u015flam\u0131\u015ft\u0131r.2021 y\u0131l\u0131nda 1500 metrakarelik \u00fcretim tesisi ile kurulan DENSAY GROUP TEKSTIL, Avrupa&#8217;da bulunan uluslar aras\u0131 prestije sahip \u00e7e\u015fitli markalara bayan, erkek, \u00e7ocuk haz\u0131r giyim olarak \u00fcretim yapmaktad\u0131r.<br><br>Kalite bilincine sahip bir \u00fcretici olarak, zorlu kuma\u015f \u00e7e\u015fitleri, esnek sipari\u015f se\u00e7enekleri ve h\u0131zl\u0131 teslimat\u0131n yan\u0131 s\u0131ra son teknoloji \u00fcr\u00fcnlerini kullanmaktan, tamamen \u00f6zelle\u015ftirilmi\u015f ve uygun maliyetli \u00e7\u00f6z\u00fcmler sunmaktan gurur duyuyoruz.<br><br>Otuz y\u0131l\u0131 a\u015fk\u0131n operasyonla, t\u00fcm Avrupa k\u0131tas\u0131n\u0131 kapsayan b\u00fcy\u00fck, k\u00fc\u00e7\u00fck ve orta \u00f6l\u00e7ekli markalar, online markalar ve b\u00fcy\u00fck zincir ma\u011fazalar dahil olmak \u00fczere \u00e7e\u015fitli m\u00fc\u015fteri taban\u0131n\u0131 destekleme konusunda g\u00fc\u00e7l\u00fc bir ge\u00e7mi\u015fe sahibiz.<br><br>\u00d6ncelikle m\u00fc\u015fteri memnuniyetine odaklanarak, yenilik\u00e7i \u00e7\u00f6z\u00fcmler ve m\u00fckemmel m\u00fc\u015fteri hizmetiyle tamamlanan, sosyal a\u00e7\u0131dan sorumlu \u00e7al\u0131\u015fma prosed\u00fcrlerini kullanarak en y\u00fcksek kalitede \u00fcr\u00fcnler sunmaya \u00e7al\u0131\u015f\u0131yoruz.<br><br>Ana \u00fcretim ve Merkez ofisi G\u00fcne\u015fli- \u0130stanbul\u2019 da yer almaktad\u0131r.<br><br>Temel olarak her t\u00fcrl\u00fc erkek, kad\u0131n, \u00e7ocuk \u00fcr\u00fcn\u00fcn\u00fc sa\u011fl\u0131yoruz. kazak, ti\u015f\u00f6rt, Polo g\u00f6mlek, \u015eort, Uzun pantolon, G\u00f6mlek, Yelek, Ceket, Atlet, Pantolon ve ev tekstili gibi. kazak, triko ve dokuma \u00fcr\u00fcnleri gibi ve al\u0131c\u0131ya rekabet\u00e7i fiyat, kaliteli GSP tesisi ve k\u0131sa teslim s\u00fcresi sa\u011fl\u0131yoruz M\u00fckemmel kalitede hammadde ve aksesuarlar kullanarak, makul bir fiyata en kaliteli \u00fcr\u00fcnleri sunarak bir\u00e7ok b\u00fcy\u00fck Avrupal\u0131 m\u00fc\u015fteriye ve markaya hizmet veriyoruz, \u00fcretim a\u015famas\u0131nda standartlar\u0131n\u0131 y\u00fcksek tutan , konusunda uzmanla\u015fm\u0131\u015f kaliteli bir ekibe sahibiz.<\/p>\n","protected":false},"excerpt":{"rendered":"<p>DENSAY GRUP TEKST\u0130L firmas\u0131n\u0131n ge\u00e7mi\u015fi 2018 y\u0131l\u0131nda kurulan NO52 ATELIER ile ba\u015flam\u0131\u015ft\u0131r.2021 y\u0131l\u0131nda 1500 metrakarelik \u00fcretim tesisi ile kurulan DENSAY GROUP TEKSTIL, Avrupa&#8217;da bulunan uluslar &hellip;<\/p>\n","protected":false},"author":1,"featured_media":0,"parent":0,"menu_order":0,"comment_status":"closed","ping_status":"closed","template":"","meta":{"ngg_post_thumbnail":0,"two_page_speed":[],"footnotes":""},"class_list":["post-445","page","type-page","status-publish","hentry"],"_links":{"self":[{"href":"https:\/\/densaygroup.com\/TR\/wp-json\/wp\/v2\/pages\/445","targetHints":{"allow":["GET"]}}],"collection":[{"href":"https:\/\/densaygroup.com\/TR\/wp-json\/wp\/v2\/pages"}],"about":[{"href":"https:\/\/densaygroup.com\/TR\/wp-json\/wp\/v2\/types\/page"}],"author":[{"embeddable":true,"href":"https:\/\/densaygroup.com\/TR\/wp-json\/wp\/v2\/users\/1"}],"replies":[{"embeddable":true,"href":"https:\/\/densaygroup.com\/TR\/wp-json\/wp\/v2\/comments?post=445"}],"version-history":[{"count":2,"href":"https:\/\/densaygroup.com\/TR\/wp-json\/wp\/v2\/pages\/445\/revisions"}],"predecessor-version":[{"id":456,"href":"https:\/\/densaygroup.com\/TR\/wp-json\/wp\/v2\/pages\/445\/revisions\/456"}],"wp:attachment":[{"href":"https:\/\/densaygroup.com\/TR\/wp-json\/wp\/v2\/media?parent=445"}],"curies":[{"name":"wp","href":"https:\/\/api.w.org\/{rel}","templated":true}]}}