{"id":28,"date":"2022-11-18T16:27:59","date_gmt":"2022-11-18T13:27:59","guid":{"rendered":"http:\/\/www.densaygroup.com\/?page_id=28"},"modified":"2023-01-17T22:35:52","modified_gmt":"2023-01-17T19:35:52","slug":"uretim","status":"publish","type":"page","link":"https:\/\/densaygroup.com\/TR\/uretim\/","title":{"rendered":"\u00dcretim"},"content":{"rendered":"<div class=\"wp-block-image\">\n<figure class=\"alignleft size-full is-resized\"><img loading=\"lazy\" decoding=\"async\" src=\"https:\/\/densaygroup.com\/TR\/wp-content\/uploads\/2022\/12\/XXL.webp\" alt=\"\" class=\"wp-image-109\" width=\"478\" height=\"319\" srcset=\"https:\/\/densaygroup.com\/TR\/wp-content\/uploads\/2022\/12\/XXL.webp 1024w, https:\/\/densaygroup.com\/TR\/wp-content\/uploads\/2022\/12\/XXL-600x400.webp 600w, https:\/\/densaygroup.com\/TR\/wp-content\/uploads\/2022\/12\/XXL-300x200.webp 300w, https:\/\/densaygroup.com\/TR\/wp-content\/uploads\/2022\/12\/XXL-768x512.webp 768w\" sizes=\"auto, (max-width: 478px) 100vw, 478px\" \/><\/figure>\n<\/div>\n\n\n<p><strong>\u00dcretim kapasitesi;<br><\/strong>200.000 adet b\u00fcnyemizde ve 200.000 adet alt \u00fcreticilerimizde olmak \u00fczere toplam 400.000 adet.<br><br><\/p>\n\n\n\n<p><strong>Modelhane(koleksiyon) Kapasitesi;<br><\/strong>Her sezon 7000 ila 12000 adet aras\u0131nda koleksiyon numunesi \u00fcretimi.<br><br><\/p>\n\n\n\n<p><strong>\u0130malat \u00f6zellikleri;<br><\/strong>Modelhane, kesim, dikim, \u00fct\u00fc, kalite kontrol, paketleme.<br><br><\/p>\n\n\n\n<p><strong>Terminler;<br><\/strong>8-10 hafta, basic grubu 6-8 hafta, rpt sipari\u015fler 3-4 hafta<br><br><\/p>\n\n\n\n<p><strong>Kuma\u015f;<br><\/strong>Yurt i\u00e7inde ve yurt d\u0131\u015f\u0131nda deneyimli tedarik\u00e7ilerle yapt\u0131\u011f\u0131m\u0131z stratejik ortakl\u0131klar sayesinde kalite ve istikrar\u0131 korurken piyasa fiyatlar\u0131 sunabiliyoruz. Kuma\u015f muayenesi ve kalite kontrol\u00fc, uzmanlardan olu\u015fan bir ekip taraf\u0131ndan \u015firket i\u00e7inde yap\u0131l\u0131r ve m\u00fc\u015fteri talebi \u00fczerine ba\u011f\u0131ms\u0131z laboratuvarlarda konsolide edilir. 3000&#8217;in \u00fczerinde sofistike ve modaya uygun kuma\u015f kalitesi: \u015fardonlu 3 iplik, 2 iplik, vegan deri, kadife, dalg\u0131\u00e7 kuma\u015f, softshell, t\u00fcl, Jarse, ribana, interlok, jakar, Frans\u0131z havlu, denim, gabardin, para\u015f\u00fct kuma\u015f; 60 gr \/ metrekareden 500 gr \/ metrekareye kadar geni\u015f bir renk ve a\u011f\u0131rl\u0131k yelpazesindedir.<br><br><\/p>\n\n\n\n<p><strong>Kesme ve Montaj;<br><\/strong>Kesim departman\u0131m\u0131z maksimum verim ve do\u011frulu\u011fu garanti etmek i\u00e7in Gerber kullan\u0131r. \u00dcretimimizin neredeyse tamam\u0131 \u00e7ok \u00f6zel kuma\u015flardan olu\u015ftu\u011fu i\u00e7in hatas\u0131z bir s\u00fcreci garanti alt\u0131na almak i\u00e7in el motorlar\u0131 kullan\u0131yoruz. Montaj departman\u0131, \u00fcretim planlamas\u0131na uygun olarak nak\u0131\u015f \/ par\u00e7a-bask\u0131 sevkiyat\u0131, par\u00e7a par\u00e7a kalite kontrol\u00fc, aksesuar e\u015fle\u015fmesi ve diki\u015f giri\u015finden sorumludur.<br>T\u00fcm \u00f6n diki\u015f prosed\u00fcrleri, teknisyenlerimizin operasyonlar\u0131 g\u00fcnl\u00fck olarak denetlemelerine olanak tan\u0131yan, yak\u0131n konumlardaki uzun s\u00fcredir stratejik ortaklar\u0131m\u0131zla s\u00f6zle\u015fme alt\u0131na al\u0131nm\u0131\u015ft\u0131r.<br>Talep \u00fczerine her t\u00fcrl\u00fc ve ebatta par\u00e7a bask\u0131, a\u011f\u0131r nak\u0131\u015f, boncuk i\u015fi, dantel, t\u0131\u011f i\u015fi,par\u00e7a boya, y\u0131kama ve el i\u015fi yap\u0131labilir.<br><br><\/p>\n\n\n<div class=\"wp-block-image\">\n<figure class=\"alignright size-large is-resized\"><img loading=\"lazy\" decoding=\"async\" src=\"https:\/\/densaygroup.com\/TR\/wp-content\/uploads\/2022\/12\/A4A9819-1024x683.jpg\" alt=\"\" class=\"wp-image-117\" width=\"475\" height=\"317\" srcset=\"https:\/\/densaygroup.com\/TR\/wp-content\/uploads\/2022\/12\/A4A9819-1024x683.jpg 1024w, https:\/\/densaygroup.com\/TR\/wp-content\/uploads\/2022\/12\/A4A9819-scaled-600x400.jpg 600w, https:\/\/densaygroup.com\/TR\/wp-content\/uploads\/2022\/12\/A4A9819-300x200.jpg 300w, https:\/\/densaygroup.com\/TR\/wp-content\/uploads\/2022\/12\/A4A9819-768x512.jpg 768w, https:\/\/densaygroup.com\/TR\/wp-content\/uploads\/2022\/12\/A4A9819-1536x1024.jpg 1536w, https:\/\/densaygroup.com\/TR\/wp-content\/uploads\/2022\/12\/A4A9819-2048x1365.jpg 2048w\" sizes=\"auto, (max-width: 475px) 100vw, 475px\" \/><\/figure>\n<\/div>\n\n\n<p><strong>Diki\u015f;<br><\/strong>Otuz y\u0131l\u0131 a\u015fk\u0131n bir s\u00fcredir kalite odakl\u0131 bir \u00fcretici olarak faaliyet g\u00f6steren DENSAY GROUP TEKSTIL, \u00e7ok hassas kuma\u015flar\u0131 ve karma\u015f\u0131k stilleri ile bile kusursuz i\u015f\u00e7ili\u011fiyle tan\u0131nmaktad\u0131r. M\u00fc\u015fterilerimize, daha fazla emek yo\u011fun \u00e7al\u0131\u015fma gerektirse bile, ki\u015fiye \u00f6zel son \u00fcr\u00fcnler vaat edebilmekten gurur duyuyoruz. Do\u011fu ve Bat\u0131 Anadolu ve \u0130stanbul&#8217;a da\u011f\u0131lm\u0131\u015f, her biri farkl\u0131 bir i\u015f t\u00fcr\u00fcnde uzmanla\u015fm\u0131\u015f ta\u015feronlar\u0131m\u0131z da var. Kalite g\u00fcvence departman\u0131m\u0131z, her bir stilin \u00fcretim \u00f6ncesi numunelere ve DENSAY GROUP TEKSTIL kalite standartlar\u0131na tam olarak uydu\u011fundan emin olmak i\u00e7in t\u00fcm ta\u015feronlar \u00fczerinde d\u00fczenli kontroller yapmaktad\u0131r.<\/p>\n","protected":false},"excerpt":{"rendered":"<p>\u00dcretim kapasitesi;200.000 adet b\u00fcnyemizde ve 200.000 adet alt \u00fcreticilerimizde olmak \u00fczere toplam 400.000 adet. Modelhane(koleksiyon) Kapasitesi;Her sezon 7000 ila 12000 adet aras\u0131nda koleksiyon numunesi \u00fcretimi. &hellip;<\/p>\n","protected":false},"author":1,"featured_media":0,"parent":0,"menu_order":0,"comment_status":"closed","ping_status":"closed","template":"","meta":{"ngg_post_thumbnail":0,"two_page_speed":[],"footnotes":""},"class_list":["post-28","page","type-page","status-publish","hentry"],"_links":{"self":[{"href":"https:\/\/densaygroup.com\/TR\/wp-json\/wp\/v2\/pages\/28","targetHints":{"allow":["GET"]}}],"collection":[{"href":"https:\/\/densaygroup.com\/TR\/wp-json\/wp\/v2\/pages"}],"about":[{"href":"https:\/\/densaygroup.com\/TR\/wp-json\/wp\/v2\/types\/page"}],"author":[{"embeddable":true,"href":"https:\/\/densaygroup.com\/TR\/wp-json\/wp\/v2\/users\/1"}],"replies":[{"embeddable":true,"href":"https:\/\/densaygroup.com\/TR\/wp-json\/wp\/v2\/comments?post=28"}],"version-history":[{"count":13,"href":"https:\/\/densaygroup.com\/TR\/wp-json\/wp\/v2\/pages\/28\/revisions"}],"predecessor-version":[{"id":288,"href":"https:\/\/densaygroup.com\/TR\/wp-json\/wp\/v2\/pages\/28\/revisions\/288"}],"wp:attachment":[{"href":"https:\/\/densaygroup.com\/TR\/wp-json\/wp\/v2\/media?parent=28"}],"curies":[{"name":"wp","href":"https:\/\/api.w.org\/{rel}","templated":true}]}}