{"id":29,"date":"2022-11-18T16:27:59","date_gmt":"2022-11-18T13:27:59","guid":{"rendered":"http:\/\/www.densaygroup.com\/?page_id=29"},"modified":"2023-01-17T23:27:29","modified_gmt":"2023-01-17T20:27:29","slug":"contact","status":"publish","type":"page","link":"https:\/\/densaygroup.com\/EN\/contact\/","title":{"rendered":"Contact"},"content":{"rendered":"\n<div class=\"wp-block-columns is-layout-flex wp-container-core-columns-is-layout-9d6595d7 wp-block-columns-is-layout-flex\">\n<div class=\"wp-block-column contact-wrap w-100 p-md-5 p-4 has-background is-layout-flow wp-block-column-is-layout-flow\" style=\"background-color:#e8edf0\">\n<div class=\"wp-block-contact-form-7-contact-form-selector\"><div class=\"wpcf7 no-js\" id=\"wpcf7-f173-o1\" lang=\"tr-TR\" dir=\"ltr\">\n<div class=\"screen-reader-response\"><p role=\"status\" aria-live=\"polite\" aria-atomic=\"true\"><\/p> <ul><\/ul><\/div>\n<form action=\"\/EN\/wp-json\/wp\/v2\/pages\/29#wpcf7-f173-o1\" method=\"post\" class=\"wpcf7-form init\" aria-label=\"Contact form\" novalidate=\"novalidate\" data-status=\"init\">\n<div style=\"display: none;\">\n<input type=\"hidden\" name=\"_wpcf7\" value=\"173\" \/>\n<input type=\"hidden\" name=\"_wpcf7_version\" value=\"5.7.2\" \/>\n<input type=\"hidden\" name=\"_wpcf7_locale\" value=\"tr_TR\" \/>\n<input type=\"hidden\" name=\"_wpcf7_unit_tag\" value=\"wpcf7-f173-o1\" \/>\n<input type=\"hidden\" name=\"_wpcf7_container_post\" value=\"0\" \/>\n<input type=\"hidden\" name=\"_wpcf7_posted_data_hash\" value=\"\" \/>\n<\/div>\n<p><label> Name<br \/>\n<span class=\"wpcf7-form-control-wrap\" data-name=\"your-name\"><input size=\"40\" class=\"wpcf7-form-control wpcf7-text wpcf7-validates-as-required\" autocomplete=\"name\" aria-required=\"true\" aria-invalid=\"false\" value=\"\" type=\"text\" name=\"your-name\" \/><\/span> <\/label>\n<\/p>\n<p><label> E-mail<br \/>\n<span class=\"wpcf7-form-control-wrap\" data-name=\"your-email\"><input size=\"40\" class=\"wpcf7-form-control wpcf7-text wpcf7-email wpcf7-validates-as-required wpcf7-validates-as-email\" autocomplete=\"email\" aria-required=\"true\" aria-invalid=\"false\" value=\"\" type=\"email\" name=\"your-email\" \/><\/span> <\/label>\n<\/p>\n<p><label> Subject<br \/>\n<span class=\"wpcf7-form-control-wrap\" data-name=\"your-subject\"><input size=\"40\" class=\"wpcf7-form-control wpcf7-text wpcf7-validates-as-required\" aria-required=\"true\" aria-invalid=\"false\" value=\"\" type=\"text\" name=\"your-subject\" \/><\/span> <\/label>\n<\/p>\n<p><label> Message<br \/>\n<span class=\"wpcf7-form-control-wrap\" data-name=\"your-message\"><textarea cols=\"40\" rows=\"10\" class=\"wpcf7-form-control wpcf7-textarea\" aria-invalid=\"false\" name=\"your-message\"><\/textarea><\/span> <\/label>\n<\/p>\n<p><input class=\"wpcf7-form-control has-spinner wpcf7-submit\" type=\"submit\" value=\"Send\" \/>\n<\/p><div class=\"wpcf7-response-output\" aria-hidden=\"true\"><\/div><\/form><\/div><\/div>\n<\/div>\n\n\n\n<div class=\"wp-block-column is-layout-flow wp-block-column-is-layout-flow\">\n<iframe src=\"https:\/\/www.google.com\/maps\/embed?pb=!1m18!1m12!1m3!1d3008.663621908812!2d28.894324815375764!3d41.05448457929611!2m3!1f0!2f0!3f0!3m2!1i1024!2i768!4f13.1!3m3!1m2!1s0x14caba82838c648d%3A0x75018be48873ab1c!2s28.%20Sk.%2C%20%C4%B0stanbul!5e0!3m2!1str!2str!4v1673638889648!5m2!1str!2str\" width=\"600\" height=\"450\" style=\"border:0;\" allowfullscreen=\"\" loading=\"lazy\" referrerpolicy=\"no-referrer-when-downgrade\"><\/iframe>\n\n\n\n<div class=\"info-wrap w-100 p-lg-5 p-4 img\">\n<h3>Contact<\/h3>\n<p class=\"mb-4\">Densay Group Textile Ith. Ihr. Ltd. Sti.\n<\/p>\n<div class=\"dbox w-100 d-flex align-items-start\">\n<div class=\"icon d-flex align-items-center justify-content-center\">\n<span class=\"fa fa-map-marker\"><\/span>\n<\/div>\n<div class=\"text pl-3\">\n<p><span>Address : <\/span> Ba\u011flar Mah. 28. Sok No:4 G\u00fcne\u015fli-Ba\u011fc\u0131lar \/ \u0130stanbul\n<\/p>\n<\/div>\n<\/div>\n<div class=\"dbox w-100 d-flex align-items-center\">\n<div class=\"icon d-flex align-items-center justify-content-center\">\n<span class=\"fa fa-phone\"><\/span>\n<\/div>\n<div class=\"text pl-3\">\n<p><span>Tel : <\/span> <a href=\"tel:\/\/+902126571545\">+90 212 657 15 45<\/a><\/p>\n<\/div>\n<\/div>\n<div class=\"dbox w-100 d-flex align-items-center\">\n<div class=\"icon d-flex align-items-center justify-content-center\">\n<span class=\"fa fa-paper-plane\"><\/span>\n<\/div>\n<div class=\"text pl-3\">\n<p><span>Email : <\/span> <a href=\"mailto:info@densaygroup.com\">info@densaygroup.com<\/a><\/p>\n<\/div>\n<\/div>\n<div class=\"dbox w-100 d-flex align-items-center\">\n<div class=\"icon d-flex align-items-center justify-content-center\">\n<span class=\"fa fa-globe\"><\/span>\n<\/div>\n<div class=\"text pl-3\">\n<p><span>Website : <\/span> <a href=\"https:\/\/densaygroup.com\">densaygroup.com<\/a><\/p>\n<\/div>\n<\/div>\n<\/div>\n<\/div>\n<\/div>\n","protected":false},"excerpt":{"rendered":"<p>Contact Densay Group Textile Ith. Ihr. Ltd. Sti. Address : Ba\u011flar Mah. 28. Sok No:4 G\u00fcne\u015fli-Ba\u011fc\u0131lar \/ \u0130stanbul Tel : +90 212 657 15 45 &hellip;<\/p>\n","protected":false},"author":1,"featured_media":0,"parent":0,"menu_order":0,"comment_status":"closed","ping_status":"closed","template":"","meta":{"ngg_post_thumbnail":0,"footnotes":""},"class_list":["post-29","page","type-page","status-publish","hentry"],"_links":{"self":[{"href":"https:\/\/densaygroup.com\/EN\/wp-json\/wp\/v2\/pages\/29","targetHints":{"allow":["GET"]}}],"collection":[{"href":"https:\/\/densaygroup.com\/EN\/wp-json\/wp\/v2\/pages"}],"about":[{"href":"https:\/\/densaygroup.com\/EN\/wp-json\/wp\/v2\/types\/page"}],"author":[{"embeddable":true,"href":"https:\/\/densaygroup.com\/EN\/wp-json\/wp\/v2\/users\/1"}],"replies":[{"embeddable":true,"href":"https:\/\/densaygroup.com\/EN\/wp-json\/wp\/v2\/comments?post=29"}],"version-history":[{"count":21,"href":"https:\/\/densaygroup.com\/EN\/wp-json\/wp\/v2\/pages\/29\/revisions"}],"predecessor-version":[{"id":303,"href":"https:\/\/densaygroup.com\/EN\/wp-json\/wp\/v2\/pages\/29\/revisions\/303"}],"wp:attachment":[{"href":"https:\/\/densaygroup.com\/EN\/wp-json\/wp\/v2\/media?parent=29"}],"curies":[{"name":"wp","href":"https:\/\/api.w.org\/{rel}","templated":true}]}}